{"id":5243,"date":"2020-07-13T14:16:40","date_gmt":"2020-07-13T11:16:40","guid":{"rendered":"https:\/\/vaarakankaanhunaja.com\/?post_type=product&#038;p=5243"},"modified":"2026-04-21T05:53:36","modified_gmt":"2026-04-21T02:53:36","slug":"mustikka-hunajaa-140g","status":"publish","type":"product","link":"https:\/\/vaarakankaanhunaja.com\/shop\/tuote\/mustikka-hunajaa-140g\/","title":{"rendered":"Mustikka Hunajaa 140g"},"content":{"rendered":"<p><strong>Sis\u00e4lt\u00e4\u00e4:<\/strong><br \/>\nMustikka hunajaa<\/p>\n<p><strong>Tuottaja:<br \/>\n<\/strong>V\u00e4\u00e4r\u00e4kankaan Hunaja<br \/>\nSavontie 1027, Ylivieska Finland<br \/>\nPuh. 040 7277 053<br \/>\nwww.vaarakankaanhunaja.fi<\/p>\n<p>Alkuper\u00e4maa Suomi<\/p>\n<p>Vain yli 1-vuotiaille<\/p>\n<p>Ursprungsland Finland<\/p>\n<p>Bara for \u00f6ver 1-\u00e5ringar<\/p>\n","protected":false},"excerpt":{"rendered":"<p>Mustikkahunaja tuotetaan Rovaniemell\u00e4.<\/p>\n","protected":false},"featured_media":5482,"comment_status":"open","ping_status":"closed","template":"","meta":[],"product_brand":[],"product_cat":[24,19],"product_tag":[],"class_list":{"0":"post-5243","1":"product","2":"type-product","3":"status-publish","4":"has-post-thumbnail","6":"product_cat-kaikki-tuotteet","7":"product_cat-lajihunajat","9":"first","10":"instock","11":"taxable","12":"shipping-taxable","13":"purchasable","14":"product-type-simple"},"_links":{"self":[{"href":"https:\/\/vaarakankaanhunaja.com\/shop\/wp-json\/wp\/v2\/product\/5243","targetHints":{"allow":["GET"]}}],"collection":[{"href":"https:\/\/vaarakankaanhunaja.com\/shop\/wp-json\/wp\/v2\/product"}],"about":[{"href":"https:\/\/vaarakankaanhunaja.com\/shop\/wp-json\/wp\/v2\/types\/product"}],"replies":[{"embeddable":true,"href":"https:\/\/vaarakankaanhunaja.com\/shop\/wp-json\/wp\/v2\/comments?post=5243"}],"wp:featuredmedia":[{"embeddable":true,"href":"https:\/\/vaarakankaanhunaja.com\/shop\/wp-json\/wp\/v2\/media\/5482"}],"wp:attachment":[{"href":"https:\/\/vaarakankaanhunaja.com\/shop\/wp-json\/wp\/v2\/media?parent=5243"}],"wp:term":[{"taxonomy":"product_brand","embeddable":true,"href":"https:\/\/vaarakankaanhunaja.com\/shop\/wp-json\/wp\/v2\/product_brand?post=5243"},{"taxonomy":"product_cat","embeddable":true,"href":"https:\/\/vaarakankaanhunaja.com\/shop\/wp-json\/wp\/v2\/product_cat?post=5243"},{"taxonomy":"product_tag","embeddable":true,"href":"https:\/\/vaarakankaanhunaja.com\/shop\/wp-json\/wp\/v2\/product_tag?post=5243"}],"curies":[{"name":"wp","href":"https:\/\/api.w.org\/{rel}","templated":true}]}}