{"id":45,"date":"2018-02-06T10:28:59","date_gmt":"2018-02-06T08:28:59","guid":{"rendered":"https:\/\/vaarakankaanhunaja.com\/?post_type=product&#038;p=45"},"modified":"2024-09-26T17:22:17","modified_gmt":"2024-09-26T14:22:17","slug":"kanerva-hunaja","status":"publish","type":"product","link":"https:\/\/vaarakankaanhunaja.com\/shop\/tuote\/kanerva-hunaja\/","title":{"rendered":"Kanerva Hunajaa"},"content":{"rendered":"<p><strong>Sis\u00e4lt\u00e4\u00e4:<br \/>\n<\/strong>Kanervahunajaa<\/p>\n<p><strong>Tuottaja:<br \/>\n<\/strong>V\u00e4\u00e4r\u00e4kankaan Hunaja<br \/>\nSavontie 1027, Ylivieska Finland<br \/>\nPuh. 040 7277 053<br \/>\nwww.vaarakankaanhunaja.fi<\/p>\n<p>Alkuper\u00e4maa Suomi<\/p>\n<p>Vain yli 1-vuotiaille<\/p>\n<p>Ursprungsland Finland<\/p>\n<p>Bara for \u00f6ver 1-\u00e5ringar<\/p>\n","protected":false},"excerpt":{"rendered":"<p>Sis\u00e4lt\u00e4\u00e4: Kanervahunajaa Tuottaja: V\u00e4\u00e4r\u00e4kankaan Hunaja Savontie 1027, Ylivieska Finland Puh. 040 7277 053 www.vaarakankaanhunaja.fi Alkuper\u00e4maa Suomi Vain yli 1-vuotiaille Ursprungsland Finland Bara for \u00f6ver 1-\u00e5ringar<\/p>\n","protected":false},"featured_media":5519,"comment_status":"open","ping_status":"closed","template":"","meta":[],"product_brand":[],"product_cat":[24,19],"product_tag":[22],"class_list":{"0":"post-45","1":"product","2":"type-product","3":"status-publish","4":"has-post-thumbnail","6":"product_cat-kaikki-tuotteet","7":"product_cat-lajihunajat","8":"product_tag-kanervahunaja","10":"first","11":"outofstock","12":"taxable","13":"shipping-taxable","14":"purchasable","15":"product-type-variable"},"_links":{"self":[{"href":"https:\/\/vaarakankaanhunaja.com\/shop\/wp-json\/wp\/v2\/product\/45","targetHints":{"allow":["GET"]}}],"collection":[{"href":"https:\/\/vaarakankaanhunaja.com\/shop\/wp-json\/wp\/v2\/product"}],"about":[{"href":"https:\/\/vaarakankaanhunaja.com\/shop\/wp-json\/wp\/v2\/types\/product"}],"replies":[{"embeddable":true,"href":"https:\/\/vaarakankaanhunaja.com\/shop\/wp-json\/wp\/v2\/comments?post=45"}],"wp:featuredmedia":[{"embeddable":true,"href":"https:\/\/vaarakankaanhunaja.com\/shop\/wp-json\/wp\/v2\/media\/5519"}],"wp:attachment":[{"href":"https:\/\/vaarakankaanhunaja.com\/shop\/wp-json\/wp\/v2\/media?parent=45"}],"wp:term":[{"taxonomy":"product_brand","embeddable":true,"href":"https:\/\/vaarakankaanhunaja.com\/shop\/wp-json\/wp\/v2\/product_brand?post=45"},{"taxonomy":"product_cat","embeddable":true,"href":"https:\/\/vaarakankaanhunaja.com\/shop\/wp-json\/wp\/v2\/product_cat?post=45"},{"taxonomy":"product_tag","embeddable":true,"href":"https:\/\/vaarakankaanhunaja.com\/shop\/wp-json\/wp\/v2\/product_tag?post=45"}],"curies":[{"name":"wp","href":"https:\/\/api.w.org\/{rel}","templated":true}]}}