{"id":146,"date":"2018-02-11T16:46:16","date_gmt":"2018-02-11T14:46:16","guid":{"rendered":"https:\/\/vaarakankaanhunaja.com\/?post_type=product&#038;p=146"},"modified":"2023-10-02T09:05:26","modified_gmt":"2023-10-02T06:05:26","slug":"konjakinmakuinen-hunajavalmiste","status":"publish","type":"product","link":"https:\/\/vaarakankaanhunaja.com\/shop\/tuote\/konjakinmakuinen-hunajavalmiste\/","title":{"rendered":"Konjakinmakuinen hunajavalmiste"},"content":{"rendered":"<p><strong>Sis\u00e4lt\u00e4\u00e4:<\/strong><br \/>\nHunajaa<br \/>\nLuontaisia konjakkiaromeja<\/p>\n<p><strong>Tuottaja:<br \/>\n<\/strong>V\u00e4\u00e4r\u00e4kankaan Hunaja<br \/>\nSavontie 1027, Ylivieska Finland<br \/>\nPuh. 040 7277 053<br \/>\nwww.vaarakankaanhunaja.fi<\/p>\n<p>Alkuper\u00e4maa Suomi<\/p>\n<p>Vain yli 1-vuotiaille<\/p>\n<p>Ursprungsland Finland<\/p>\n<p>Bara for \u00f6ver 1-\u00e5ringar<\/p>\n","protected":false},"excerpt":{"rendered":"<p>Sis\u00e4lt\u00e4\u00e4: Hunajaa Luontaisia konjakkiaromeja Tuottaja: V\u00e4\u00e4r\u00e4kankaan Hunaja Savontie 1027, Ylivieska Finland Puh. 040 7277 053 www.vaarakankaanhunaja.fi Alkuper\u00e4maa Suomi Vain yli 1-vuotiaille Ursprungsland Finland Bara for \u00f6ver 1-\u00e5ringar<\/p>\n","protected":false},"featured_media":5550,"comment_status":"open","ping_status":"closed","template":"","meta":[],"product_brand":[],"product_cat":[24,20],"product_tag":[],"class_list":{"0":"post-146","1":"product","2":"type-product","3":"status-publish","4":"has-post-thumbnail","6":"product_cat-kaikki-tuotteet","7":"product_cat-makuhunajat","9":"first","10":"outofstock","11":"taxable","12":"shipping-taxable","13":"purchasable","14":"product-type-simple"},"_links":{"self":[{"href":"https:\/\/vaarakankaanhunaja.com\/shop\/wp-json\/wp\/v2\/product\/146","targetHints":{"allow":["GET"]}}],"collection":[{"href":"https:\/\/vaarakankaanhunaja.com\/shop\/wp-json\/wp\/v2\/product"}],"about":[{"href":"https:\/\/vaarakankaanhunaja.com\/shop\/wp-json\/wp\/v2\/types\/product"}],"replies":[{"embeddable":true,"href":"https:\/\/vaarakankaanhunaja.com\/shop\/wp-json\/wp\/v2\/comments?post=146"}],"wp:featuredmedia":[{"embeddable":true,"href":"https:\/\/vaarakankaanhunaja.com\/shop\/wp-json\/wp\/v2\/media\/5550"}],"wp:attachment":[{"href":"https:\/\/vaarakankaanhunaja.com\/shop\/wp-json\/wp\/v2\/media?parent=146"}],"wp:term":[{"taxonomy":"product_brand","embeddable":true,"href":"https:\/\/vaarakankaanhunaja.com\/shop\/wp-json\/wp\/v2\/product_brand?post=146"},{"taxonomy":"product_cat","embeddable":true,"href":"https:\/\/vaarakankaanhunaja.com\/shop\/wp-json\/wp\/v2\/product_cat?post=146"},{"taxonomy":"product_tag","embeddable":true,"href":"https:\/\/vaarakankaanhunaja.com\/shop\/wp-json\/wp\/v2\/product_tag?post=146"}],"curies":[{"name":"wp","href":"https:\/\/api.w.org\/{rel}","templated":true}]}}