{"id":112,"date":"2018-02-11T11:51:41","date_gmt":"2018-02-11T09:51:41","guid":{"rendered":"https:\/\/vaarakankaanhunaja.com\/?post_type=product&#038;p=112"},"modified":"2025-09-02T12:13:52","modified_gmt":"2025-09-02T09:13:52","slug":"kuningatar-hunaja","status":"publish","type":"product","link":"https:\/\/vaarakankaanhunaja.com\/shop\/tuote\/kuningatar-hunaja\/","title":{"rendered":"Kuningatar Hunaja"},"content":{"rendered":"<p><strong>Sis\u00e4lt\u00e4\u00e4:<\/strong><br \/>\nSuomalainen hunaja 100%<\/p>\n<p><strong>Ravintosis\u00e4lt\u00f6 100g:<\/strong><br \/>\nEnergiaa 1400kJ\/335kcal<br \/>\nProteiinia alle 1g<br \/>\nHiilihydraattia 82g<br \/>\nRasvaa 0g<\/p>\n","protected":false},"excerpt":{"rendered":"<p>SML:n j\u00e4senten pakkaamaa korkealuokkaista hunajaa jo vuodesta 1959.<br \/>\nSuomalainen pehme\u00e4sti kiteytynyt korkealuokkainen kukkaishunaja. Purkissa 450g hunajaa.<br \/>\nMakeuta ja mausta hunajalla p\u00e4ivitt\u00e4in. Suomalainen luonnontuote.<\/p>\n<p>Sis\u00e4lt\u00e4\u00e4 pieni\u00e4 m\u00e4\u00e4ri\u00e4 siitep\u00f6ly\u00e4. Vain yli 1-vuotiaille.<\/p>\n","protected":false},"featured_media":5599,"comment_status":"open","ping_status":"closed","template":"","meta":[],"product_brand":[],"product_cat":[24,18],"product_tag":[],"class_list":{"0":"post-112","1":"product","2":"type-product","3":"status-publish","4":"has-post-thumbnail","6":"product_cat-kaikki-tuotteet","7":"product_cat-monikukkahunajat","9":"first","10":"instock","11":"taxable","12":"shipping-taxable","13":"purchasable","14":"product-type-simple"},"_links":{"self":[{"href":"https:\/\/vaarakankaanhunaja.com\/shop\/wp-json\/wp\/v2\/product\/112","targetHints":{"allow":["GET"]}}],"collection":[{"href":"https:\/\/vaarakankaanhunaja.com\/shop\/wp-json\/wp\/v2\/product"}],"about":[{"href":"https:\/\/vaarakankaanhunaja.com\/shop\/wp-json\/wp\/v2\/types\/product"}],"replies":[{"embeddable":true,"href":"https:\/\/vaarakankaanhunaja.com\/shop\/wp-json\/wp\/v2\/comments?post=112"}],"wp:featuredmedia":[{"embeddable":true,"href":"https:\/\/vaarakankaanhunaja.com\/shop\/wp-json\/wp\/v2\/media\/5599"}],"wp:attachment":[{"href":"https:\/\/vaarakankaanhunaja.com\/shop\/wp-json\/wp\/v2\/media?parent=112"}],"wp:term":[{"taxonomy":"product_brand","embeddable":true,"href":"https:\/\/vaarakankaanhunaja.com\/shop\/wp-json\/wp\/v2\/product_brand?post=112"},{"taxonomy":"product_cat","embeddable":true,"href":"https:\/\/vaarakankaanhunaja.com\/shop\/wp-json\/wp\/v2\/product_cat?post=112"},{"taxonomy":"product_tag","embeddable":true,"href":"https:\/\/vaarakankaanhunaja.com\/shop\/wp-json\/wp\/v2\/product_tag?post=112"}],"curies":[{"name":"wp","href":"https:\/\/api.w.org\/{rel}","templated":true}]}}