{"id":396,"date":"2018-02-17T10:43:13","date_gmt":"2018-02-17T08:43:13","guid":{"rendered":"https:\/\/vaarakankaanhunaja.com\/?page_id=396"},"modified":"2025-09-02T13:36:19","modified_gmt":"2025-09-02T10:36:19","slug":"etusivu","status":"publish","type":"page","link":"https:\/\/vaarakankaanhunaja.com\/shop\/","title":{"rendered":"Etusivu"},"content":{"rendered":"<div aria-live=\"polite\" id=\"soliloquy-container-410_1\" class=\"soliloquy-container soliloquy-transition-fade  soliloquy-theme-classic\" style=\"max-width:1200px;max-height:500px;\"><ul id=\"soliloquy-410_1\" class=\"soliloquy-slider soliloquy-slides soliloquy-wrap soliloquy-clear\"><li aria-hidden=\"true\" class=\"soliloquy-item soliloquy-item-1 soliloquy-image-slide\" draggable=\"false\" style=\"list-style:none\"><img decoding=\"async\" id=\"soliloquy-image-466\" class=\"soliloquy-image soliloquy-image-1\" src=\"https:\/\/vaarakankaanhunaja.com\/shop\/wp-content\/uploads\/2018\/02\/purkit1-2.png\" alt=\"Maustehunajat\" \/><div class=\"soliloquy-caption\"><div class=\"soliloquy-caption-inside\">Ylivieskalainen Kari V\u00e4\u00e4r\u00e4kangas perusti V\u00e4\u00e4r\u00e4kankaan Hunajan vuonna 1998. T\u00e4m\u00e4 mehil\u00e4isten hoitoharrastuksesta alkunsa saanut perheyritys on vuosien my\u00f6t\u00e4 kasvanut yhdeksi Suomen merkitt\u00e4vimmist\u00e4 hunajan valmistajista.<\/div><\/div><\/li><li aria-hidden=\"true\" class=\"soliloquy-item soliloquy-item-2 soliloquy-image-slide\" draggable=\"false\" style=\"list-style:none\"><img decoding=\"async\" id=\"soliloquy-image-467\" class=\"soliloquy-image soliloquy-image-2\" src=\"https:\/\/vaarakankaanhunaja.com\/shop\/wp-content\/uploads\/2018\/02\/purkit2-2.png\" alt=\"Erilaiset pakkauskoot\" \/><div class=\"soliloquy-caption\"><div class=\"soliloquy-caption-inside\">V\u00e4\u00e4r\u00e4kankaan Hunajan tuotteita ovat juoksevat,  pehme\u00e4t sek\u00e4 lohkeavat monikukkahunajat. Yksikukkaisissa hunajissa lajeina ovat mm. puolukka, kanerva, hilla, mustikka, tattari, horsma, vadelma ja voikukka. Lis\u00e4ksi valikoimaan kuuluvat makuhunajat mm. salmiakki, eucalyptus, rommi sek\u00e4 parikymment\u00e4 muuta eri makua. Hunajasinapit, inkiv\u00e4\u00e4ri-, ja chilihunajat, mehil\u00e4isvahakynttil\u00e4t, saunahunaja sek\u00e4 lahjapakkaukset kuuluvat my\u00f6s laajaan hunajavalikoimaan.<\/div><\/div><\/li><li aria-hidden=\"true\" class=\"soliloquy-item soliloquy-item-3 soliloquy-image-slide\" draggable=\"false\" style=\"list-style:none\"><img decoding=\"async\" id=\"soliloquy-image-468\" class=\"soliloquy-image soliloquy-image-3\" src=\"https:\/\/vaarakankaanhunaja.com\/shop\/wp-content\/uploads\/2018\/02\/1200px-Liminka_field_20080726_01.png\" alt=\"V\u00e4\u00e4r\u00e4kankaan Hunaja\" \/><div class=\"soliloquy-caption\"><div class=\"soliloquy-caption-inside\">Korkealaatuisten tuotteiden raaka-aine, hunaja, tuotetaan Ylivieskan, Nivalan ja Haapaj\u00e4rven sek\u00e4 Ranuan ja Rovaniemen alueilla sijaitsevilla mehil\u00e4istarhoilla. Itse mehil\u00e4istila sijaitsee Ylivieskassa, Pohjois- Pohjanmaalla. Alueiden rikas ja puhdas luonto tarjoaa hyv\u00e4n mahdollisuuden tuottaa laadukasta hunajaa. T\u00e4st\u00e4 on osoituksena valinnat Suomen parhaaksi hunajajaksi vuosina 2007, 2008, 2010, 2011 sek\u00e4 lukuisat korkeasta laadusta saadut kunniakirjat vuosittain.<\/div><\/div><\/li><li aria-hidden=\"true\" class=\"soliloquy-item soliloquy-item-4 soliloquy-image-slide\" draggable=\"false\" style=\"list-style:none\"><img decoding=\"async\" id=\"soliloquy-image-469\" class=\"soliloquy-image soliloquy-image-4\" src=\"https:\/\/vaarakankaanhunaja.com\/shop\/wp-content\/uploads\/2018\/02\/torimyynti.png\" alt=\"torimyynti\" \/><div class=\"soliloquy-caption\"><div class=\"soliloquy-caption-inside\">Hunajatuotteiden v\u00e4hitt\u00e4ismyynnin l\u00f6yd\u00e4t S-Ryhm\u00e4n Marketeista, K-Marketeista sek\u00e4 Halpa-Halleista Ylivieskan, Nivalan, Kalajoen, Oulaisten ja Haapaj\u00e4rven kunnista sek\u00e4 Kokkolan keskustan K-SuperMarketista ja Oulun Prismoista. Lis\u00e4ksi hunajatuotteita saat Ylivieskasta Justus-myym\u00e4l\u00e4st\u00e4, Kalajoen Tapion Tuvalta sek\u00e4 kaikista J. K\u00e4rkk\u00e4isen Tavarataloista. L\u00f6yd\u00e4t meid\u00e4t lis\u00e4ksi Pohjois-Suomen markkina- sek\u00e4 toritapahtumista.<\/div><\/div><\/li><\/ul><\/div><noscript><style type=\"text\/css\">#soliloquy-container-410_1{opacity:1}<\/style><\/noscript>\n\n\n\n<h1 class=\"wp-block-heading\">Hunajaa j\u00e4lleen saatavilla<\/h1>\n\n\n\n<p>Vuoden 2025 hunajasato on ollut runsas ja perushunajaa on j\u00e4lleen saatavilla. Voit tilata tuotteet verkkokaupan kautta. Alla n\u00e4et mit\u00e4 meill\u00e4 on tarjolla!<\/p>\n\n\n\n<h1 class=\"wp-block-heading\">T\u00e4ss\u00e4 n\u00e4et tuotteet mit\u00e4 saatavilla<\/h1>\n\n\n<div class=\"woocommerce columns-4 \"><ul class=\"products columns-4\">\n<li class=\"product type-product post-122 status-publish first instock product_cat-kaikki-tuotteet product_cat-monikukkahunajat has-post-thumbnail taxable shipping-taxable purchasable product-type-variable\">\n\t<a href=\"https:\/\/vaarakankaanhunaja.com\/shop\/tuote\/hunaja-300g\/\" class=\"woocommerce-LoopProduct-link woocommerce-loop-product__link\"><img loading=\"lazy\" decoding=\"async\" width=\"324\" height=\"324\" src=\"https:\/\/vaarakankaanhunaja.com\/shop\/wp-content\/uploads\/2018\/02\/B68I0007-324x324.jpg\" class=\"attachment-woocommerce_thumbnail size-woocommerce_thumbnail\" alt=\"Hunaja 300g\" srcset=\"https:\/\/vaarakankaanhunaja.com\/shop\/wp-content\/uploads\/2018\/02\/B68I0007-324x324.jpg 324w, https:\/\/vaarakankaanhunaja.com\/shop\/wp-content\/uploads\/2018\/02\/B68I0007-150x150.jpg 150w, https:\/\/vaarakankaanhunaja.com\/shop\/wp-content\/uploads\/2018\/02\/B68I0007-100x100.jpg 100w\" sizes=\"auto, (max-width: 324px) 100vw, 324px\" \/><h2 class=\"woocommerce-loop-product__title\">Hunaja 300g<\/h2>\n\t<span class=\"price\"><span class=\"woocommerce-Price-amount amount\"><bdi>6,00&nbsp;<span class=\"woocommerce-Price-currencySymbol\">&euro;<\/span><\/bdi><\/span><\/span>\n<\/a><a href=\"https:\/\/vaarakankaanhunaja.com\/shop\/tuote\/hunaja-300g\/\" aria-describedby=\"woocommerce_loop_add_to_cart_link_describedby_122\" data-quantity=\"1\" class=\"button product_type_variable add_to_cart_button\" data-product_id=\"122\" data-product_sku=\"\" aria-label=\"Valitse valinnat &ldquo;Hunaja 300g&rdquo;\" rel=\"nofollow\">Valitse vaihtoehdoista<\/a>\t<span id=\"woocommerce_loop_add_to_cart_link_describedby_122\" class=\"screen-reader-text\">\n\t\tT\u00e4ll\u00e4 tuotteella on useampi muunnelma. Voit tehd\u00e4 valinnat tuotteen sivulla.\t<\/span>\n<\/li>\n<li class=\"product type-product post-114 status-publish instock product_cat-kaikki-tuotteet product_cat-monikukkahunajat has-post-thumbnail taxable shipping-taxable purchasable product-type-simple\">\n\t<a href=\"https:\/\/vaarakankaanhunaja.com\/shop\/tuote\/hunaja-350g\/\" class=\"woocommerce-LoopProduct-link woocommerce-loop-product__link\"><img loading=\"lazy\" decoding=\"async\" width=\"324\" height=\"324\" src=\"https:\/\/vaarakankaanhunaja.com\/shop\/wp-content\/uploads\/2018\/02\/B68I0002-324x324.jpg\" class=\"attachment-woocommerce_thumbnail size-woocommerce_thumbnail\" alt=\"Hunaja 350g\" srcset=\"https:\/\/vaarakankaanhunaja.com\/shop\/wp-content\/uploads\/2018\/02\/B68I0002-324x324.jpg 324w, https:\/\/vaarakankaanhunaja.com\/shop\/wp-content\/uploads\/2018\/02\/B68I0002-150x150.jpg 150w, https:\/\/vaarakankaanhunaja.com\/shop\/wp-content\/uploads\/2018\/02\/B68I0002-100x100.jpg 100w\" sizes=\"auto, (max-width: 324px) 100vw, 324px\" \/><h2 class=\"woocommerce-loop-product__title\">Hunaja 350g<\/h2>\n\t<span class=\"price\"><span class=\"woocommerce-Price-amount amount\"><bdi>6,50&nbsp;<span class=\"woocommerce-Price-currencySymbol\">&euro;<\/span><\/bdi><\/span><\/span>\n<\/a><a href=\"\/shop\/wp-json\/wp\/v2\/pages\/396?add-to-cart=114\" aria-describedby=\"woocommerce_loop_add_to_cart_link_describedby_114\" data-quantity=\"1\" class=\"button product_type_simple add_to_cart_button ajax_add_to_cart\" data-product_id=\"114\" data-product_sku=\"\" aria-label=\"Lis\u00e4\u00e4 ostoskoriin: &ldquo;Hunaja 350g&rdquo;\" rel=\"nofollow\" data-success_message=\"&ldquo;Hunaja 350g&rdquo; on lis\u00e4tty ostoskoriin\" role=\"button\">Lis\u00e4\u00e4 ostoskoriin<\/a>\t<span id=\"woocommerce_loop_add_to_cart_link_describedby_114\" class=\"screen-reader-text\">\n\t\t\t<\/span>\n<\/li>\n<li class=\"product type-product post-118 status-publish instock product_cat-kaikki-tuotteet product_cat-monikukkahunajat has-post-thumbnail taxable shipping-taxable purchasable product-type-variable\">\n\t<a href=\"https:\/\/vaarakankaanhunaja.com\/shop\/tuote\/hunaja-500g\/\" class=\"woocommerce-LoopProduct-link woocommerce-loop-product__link\"><img loading=\"lazy\" decoding=\"async\" width=\"324\" height=\"324\" src=\"https:\/\/vaarakankaanhunaja.com\/shop\/wp-content\/uploads\/2018\/02\/B68I0010-324x324.jpg\" class=\"attachment-woocommerce_thumbnail size-woocommerce_thumbnail\" alt=\"Hunaja 500g\" srcset=\"https:\/\/vaarakankaanhunaja.com\/shop\/wp-content\/uploads\/2018\/02\/B68I0010-324x324.jpg 324w, https:\/\/vaarakankaanhunaja.com\/shop\/wp-content\/uploads\/2018\/02\/B68I0010-150x150.jpg 150w, https:\/\/vaarakankaanhunaja.com\/shop\/wp-content\/uploads\/2018\/02\/B68I0010-100x100.jpg 100w\" sizes=\"auto, (max-width: 324px) 100vw, 324px\" \/><h2 class=\"woocommerce-loop-product__title\">Hunaja 500g<\/h2>\n\t<span class=\"price\"><span class=\"woocommerce-Price-amount amount\" aria-hidden=\"true\"><bdi>9,00&nbsp;<span class=\"woocommerce-Price-currencySymbol\">&euro;<\/span><\/bdi><\/span> <span aria-hidden=\"true\">&ndash;<\/span> <span class=\"woocommerce-Price-amount amount\" aria-hidden=\"true\"><bdi>9,50&nbsp;<span class=\"woocommerce-Price-currencySymbol\">&euro;<\/span><\/bdi><\/span><span class=\"screen-reader-text\">Hintaluokka: 9,00&nbsp;&euro; - 9,50&nbsp;&euro;<\/span><\/span>\n<\/a><a href=\"https:\/\/vaarakankaanhunaja.com\/shop\/tuote\/hunaja-500g\/\" aria-describedby=\"woocommerce_loop_add_to_cart_link_describedby_118\" data-quantity=\"1\" class=\"button product_type_variable add_to_cart_button\" data-product_id=\"118\" data-product_sku=\"\" aria-label=\"Valitse valinnat &ldquo;Hunaja 500g&rdquo;\" rel=\"nofollow\">Valitse vaihtoehdoista<\/a>\t<span id=\"woocommerce_loop_add_to_cart_link_describedby_118\" class=\"screen-reader-text\">\n\t\tT\u00e4ll\u00e4 tuotteella on useampi muunnelma. Voit tehd\u00e4 valinnat tuotteen sivulla.\t<\/span>\n<\/li>\n<li class=\"product type-product post-112 status-publish last instock product_cat-kaikki-tuotteet product_cat-monikukkahunajat has-post-thumbnail taxable shipping-taxable purchasable product-type-simple\">\n\t<a href=\"https:\/\/vaarakankaanhunaja.com\/shop\/tuote\/kuningatar-hunaja\/\" class=\"woocommerce-LoopProduct-link woocommerce-loop-product__link\"><img loading=\"lazy\" decoding=\"async\" width=\"324\" height=\"324\" src=\"https:\/\/vaarakankaanhunaja.com\/shop\/wp-content\/uploads\/2018\/02\/B68I0082-324x324.jpg\" class=\"attachment-woocommerce_thumbnail size-woocommerce_thumbnail\" alt=\"Kuningatar Hunaja\" srcset=\"https:\/\/vaarakankaanhunaja.com\/shop\/wp-content\/uploads\/2018\/02\/B68I0082-324x324.jpg 324w, https:\/\/vaarakankaanhunaja.com\/shop\/wp-content\/uploads\/2018\/02\/B68I0082-150x150.jpg 150w, https:\/\/vaarakankaanhunaja.com\/shop\/wp-content\/uploads\/2018\/02\/B68I0082-100x100.jpg 100w\" sizes=\"auto, (max-width: 324px) 100vw, 324px\" \/><h2 class=\"woocommerce-loop-product__title\">Kuningatar Hunaja<\/h2>\n\t<span class=\"price\"><span class=\"woocommerce-Price-amount amount\"><bdi>7,50&nbsp;<span class=\"woocommerce-Price-currencySymbol\">&euro;<\/span><\/bdi><\/span><\/span>\n<\/a><a href=\"\/shop\/wp-json\/wp\/v2\/pages\/396?add-to-cart=112\" aria-describedby=\"woocommerce_loop_add_to_cart_link_describedby_112\" data-quantity=\"1\" class=\"button product_type_simple add_to_cart_button ajax_add_to_cart\" data-product_id=\"112\" data-product_sku=\"\" aria-label=\"Lis\u00e4\u00e4 ostoskoriin: &ldquo;Kuningatar Hunaja&rdquo;\" rel=\"nofollow\" data-success_message=\"&ldquo;Kuningatar Hunaja&rdquo; on lis\u00e4tty ostoskoriin\" role=\"button\">Lis\u00e4\u00e4 ostoskoriin<\/a>\t<span id=\"woocommerce_loop_add_to_cart_link_describedby_112\" class=\"screen-reader-text\">\n\t\t\t<\/span>\n<\/li>\n<li class=\"product type-product post-5573 status-publish first instock product_cat-kaikki-tuotteet product_cat-lajihunajat has-post-thumbnail taxable shipping-taxable purchasable product-type-simple\">\n\t<a href=\"https:\/\/vaarakankaanhunaja.com\/shop\/tuote\/lapin-hunajaa\/\" class=\"woocommerce-LoopProduct-link woocommerce-loop-product__link\"><img loading=\"lazy\" decoding=\"async\" width=\"324\" height=\"324\" src=\"https:\/\/vaarakankaanhunaja.com\/shop\/wp-content\/uploads\/2023\/05\/B68I0058-324x324.jpg\" class=\"attachment-woocommerce_thumbnail size-woocommerce_thumbnail\" alt=\"Lapin Hunajaa\" srcset=\"https:\/\/vaarakankaanhunaja.com\/shop\/wp-content\/uploads\/2023\/05\/B68I0058-324x324.jpg 324w, https:\/\/vaarakankaanhunaja.com\/shop\/wp-content\/uploads\/2023\/05\/B68I0058-150x150.jpg 150w, https:\/\/vaarakankaanhunaja.com\/shop\/wp-content\/uploads\/2023\/05\/B68I0058-100x100.jpg 100w\" sizes=\"auto, (max-width: 324px) 100vw, 324px\" \/><h2 class=\"woocommerce-loop-product__title\">Lapin Hunajaa<\/h2>\n\t<span class=\"price\"><span class=\"woocommerce-Price-amount amount\"><bdi>12,00&nbsp;<span class=\"woocommerce-Price-currencySymbol\">&euro;<\/span><\/bdi><\/span><\/span>\n<\/a><a href=\"\/shop\/wp-json\/wp\/v2\/pages\/396?add-to-cart=5573\" aria-describedby=\"woocommerce_loop_add_to_cart_link_describedby_5573\" data-quantity=\"1\" class=\"button product_type_simple add_to_cart_button ajax_add_to_cart\" data-product_id=\"5573\" data-product_sku=\"\" aria-label=\"Lis\u00e4\u00e4 ostoskoriin: &ldquo;Lapin Hunajaa&rdquo;\" rel=\"nofollow\" data-success_message=\"&ldquo;Lapin Hunajaa&rdquo; on lis\u00e4tty ostoskoriin\" role=\"button\">Lis\u00e4\u00e4 ostoskoriin<\/a>\t<span id=\"woocommerce_loop_add_to_cart_link_describedby_5573\" class=\"screen-reader-text\">\n\t\t\t<\/span>\n<\/li>\n<li class=\"product type-product post-5243 status-publish instock product_cat-kaikki-tuotteet product_cat-lajihunajat has-post-thumbnail taxable shipping-taxable purchasable product-type-simple\">\n\t<a href=\"https:\/\/vaarakankaanhunaja.com\/shop\/tuote\/mustikka-hunajaa-140g\/\" class=\"woocommerce-LoopProduct-link woocommerce-loop-product__link\"><img loading=\"lazy\" decoding=\"async\" width=\"324\" height=\"324\" src=\"https:\/\/vaarakankaanhunaja.com\/shop\/wp-content\/uploads\/2020\/07\/B68I0005-324x324.jpg\" class=\"attachment-woocommerce_thumbnail size-woocommerce_thumbnail\" alt=\"Mustikka Hunajaa 140g\" srcset=\"https:\/\/vaarakankaanhunaja.com\/shop\/wp-content\/uploads\/2020\/07\/B68I0005-324x324.jpg 324w, https:\/\/vaarakankaanhunaja.com\/shop\/wp-content\/uploads\/2020\/07\/B68I0005-150x150.jpg 150w, https:\/\/vaarakankaanhunaja.com\/shop\/wp-content\/uploads\/2020\/07\/B68I0005-100x100.jpg 100w\" sizes=\"auto, (max-width: 324px) 100vw, 324px\" \/><h2 class=\"woocommerce-loop-product__title\">Mustikka Hunajaa 140g<\/h2>\n\t<span class=\"price\"><span class=\"woocommerce-Price-amount amount\"><bdi>10,00&nbsp;<span class=\"woocommerce-Price-currencySymbol\">&euro;<\/span><\/bdi><\/span><\/span>\n<\/a><a href=\"\/shop\/wp-json\/wp\/v2\/pages\/396?add-to-cart=5243\" aria-describedby=\"woocommerce_loop_add_to_cart_link_describedby_5243\" data-quantity=\"1\" class=\"button product_type_simple add_to_cart_button ajax_add_to_cart\" data-product_id=\"5243\" data-product_sku=\"\" aria-label=\"Lis\u00e4\u00e4 ostoskoriin: &ldquo;Mustikka Hunajaa 140g&rdquo;\" rel=\"nofollow\" data-success_message=\"&ldquo;Mustikka Hunajaa 140g&rdquo; on lis\u00e4tty ostoskoriin\" role=\"button\">Lis\u00e4\u00e4 ostoskoriin<\/a>\t<span id=\"woocommerce_loop_add_to_cart_link_describedby_5243\" class=\"screen-reader-text\">\n\t\t\t<\/span>\n<\/li>\n<li class=\"product type-product post-110 status-publish instock product_cat-kaikki-tuotteet product_cat-monikukkahunajat has-post-thumbnail taxable shipping-taxable purchasable product-type-variable\">\n\t<a href=\"https:\/\/vaarakankaanhunaja.com\/shop\/tuote\/vaarakankaan-hunaja\/\" class=\"woocommerce-LoopProduct-link woocommerce-loop-product__link\"><img loading=\"lazy\" decoding=\"async\" width=\"324\" height=\"324\" src=\"https:\/\/vaarakankaanhunaja.com\/shop\/wp-content\/uploads\/2018\/02\/B68I9995-324x324.jpg\" class=\"attachment-woocommerce_thumbnail size-woocommerce_thumbnail\" alt=\"V\u00e4\u00e4r\u00e4kankaan Hunaja\" srcset=\"https:\/\/vaarakankaanhunaja.com\/shop\/wp-content\/uploads\/2018\/02\/B68I9995-324x324.jpg 324w, https:\/\/vaarakankaanhunaja.com\/shop\/wp-content\/uploads\/2018\/02\/B68I9995-150x150.jpg 150w, https:\/\/vaarakankaanhunaja.com\/shop\/wp-content\/uploads\/2018\/02\/B68I9995-100x100.jpg 100w\" sizes=\"auto, (max-width: 324px) 100vw, 324px\" \/><h2 class=\"woocommerce-loop-product__title\">V\u00e4\u00e4r\u00e4kankaan Hunaja<\/h2><div class=\"star-rating\" role=\"img\" aria-label=\"Arvostelu tuotteesta: 5.00 \/ 5\"><span style=\"width:100%\">Arvostelu tuotteesta: <strong class=\"rating\">5.00<\/strong> \/ 5<\/span><\/div>\n\t<span class=\"price\"><span class=\"woocommerce-Price-amount amount\"><bdi>7,50&nbsp;<span class=\"woocommerce-Price-currencySymbol\">&euro;<\/span><\/bdi><\/span><\/span>\n<\/a><a href=\"https:\/\/vaarakankaanhunaja.com\/shop\/tuote\/vaarakankaan-hunaja\/\" aria-describedby=\"woocommerce_loop_add_to_cart_link_describedby_110\" data-quantity=\"1\" class=\"button product_type_variable add_to_cart_button\" data-product_id=\"110\" data-product_sku=\"\" aria-label=\"Valitse valinnat &ldquo;V\u00e4\u00e4r\u00e4kankaan Hunaja&rdquo;\" rel=\"nofollow\">Valitse vaihtoehdoista<\/a>\t<span id=\"woocommerce_loop_add_to_cart_link_describedby_110\" class=\"screen-reader-text\">\n\t\tT\u00e4ll\u00e4 tuotteella on useampi muunnelma. Voit tehd\u00e4 valinnat tuotteen sivulla.\t<\/span>\n<\/li>\n<\/ul>\n<\/div>\n\n\n\n<p>&nbsp;<\/p>\n\n\n\n<h1 class=\"wp-block-heading\">Ajankohtaista<\/h1>\n\n\n    <div data-options='{&quot;id&quot;:&quot;434&quot;,&quot;lazy_load&quot;:&quot;no&quot;,&quot;masonry_enable&quot;:&quot;no&quot;,&quot;view_type&quot;:&quot;grid&quot;}' id=\"post-grid-434\" class=\"post-grid grid\">\n    \n\n\n    <div class=\"grid-items\">\n      <div class=\"item item-5668 skin flat even 0 \">\n        <div class=\"layer-wrapper layout-\">\n        <div class=\"layer-media\"><a href=\"https:\/\/vaarakankaanhunaja.com\/shop\/uuden-sadon-hunajaa\/\"><img decoding=\"async\" alt=\"\" src=\"https:\/\/vaarakankaanhunaja.com\/shop\/wp-content\/uploads\/2018\/02\/torimyynti-300x125.png\" \/><\/a><\/div>\n  <div class=\"layer-content\">\n        <div class=\"element element_0  title \">\r\n                    <a target=\"\"\r\n                href=\"https:\/\/vaarakankaanhunaja.com\/shop\/uuden-sadon-hunajaa\/\">Uuden sadon hunajaa 2025!<\/a>\r\n            <\/div>\r\n    <div class=\"element element_1  excerpt \">\r\n        Hunajien lis\u00e4ksi my\u00f6s Joensuun Herkkuleipomon kukot, pullat, rinkelit, karjalanpiirakat.            <\/div>\r\n            <a class=\"element element_3  read_more \"\r\n            target=\"_parent\"\r\n            href=\"https:\/\/vaarakankaanhunaja.com\/shop\/uuden-sadon-hunajaa\/\">Lue lis\u00e4\u00e4...<\/a>\r\n      <\/div>\n    <\/div>\n  <\/div>    <\/div>\n    <div class=\"pagination\">\n      <div class=\"paginate\">\n      <\/div>\n  <style type=\"text\/css\">\n    #post-grid-434 .pagination .page-numbers {\n      font-size: 17px;\n      color: #646464;\n      background: #646464;\n    }\n\n    #post-grid-434 .pagination .page-numbers:hover,\n    #post-grid-434 .pagination .page-numbers.current {\n      background: #4b4b4b;\n    }\n  <\/style>\n  <\/div>\n      <style type=\"text\/css\">\n      \/*Write your CSS code here*\/    <\/style>\n      <script>\n          \/*Write your js code here*\/          <\/script>\n    <style type=\"text\/css\">\n    #post-grid-434 .element_0 {\n      display: block;font-size: 21px;line-height: normal;padding: 5px 5px;text-align: left;    }\n\n    #post-grid-434 .element_1 {\n      display: block;font-size: 16px;padding: 5px 5px;text-align: left;    }\n\n    #post-grid-434 .element_3 {\n      display: block;font-size: 16px;font-weight: bold;padding: 0 5px;text-align: left;    }\n\n    #post-grid-434 .element_0:hover{}#post-grid-434 .element_1:hover{}#post-grid-434 .element_3:hover{}  <\/style>\n  <style type=\"text\/css\">\n    #post-grid-434 {\n      padding: 10px;\n      background-color: #fff;\n          }\n\n    #post-grid-434 .item {\n      background: #ffffff;\n          }\n\n    #post-grid-434 .item .layer-media {\n      max-height:220px;    }\n\n    @media only screen and (min-width: 0px) and (max-width: 767px) {\n      #post-grid-434 .grid-items {\n        text-align: center;\n              }\n\n      #post-grid-434 .item {\n        width: 90%;\n        margin: 10px;\n        display: inline-block;\n        vertical-align: top;\n        height:auto;      }\n    }\n\n    @media only screen and (min-width: 768px) and (max-width: 1023px) {\n      #post-grid-434 .grid-items {\n        text-align: center;\n              }\n\n      #post-grid-434 .item {\n        width: 280px;\n        margin: 10px;\n        display: inline-block;\n        vertical-align: top;\n        max-height:auto;      }\n    }\n\n    @media only screen and (min-width: 1024px) {\n      #post-grid-434 .grid-items {\n        text-align: center;\n              }\n\n      #post-grid-434 .item {\n        width: 280px;\n        display: inline-block;\n        margin: 10px;\n        vertical-align: top;\n        height:auto;      }\n    }\n\n      <\/style>\n  <\/div>\n\n","protected":false},"excerpt":{"rendered":"<p>Hunajaa j\u00e4lleen saatavilla Vuoden 2025 hunajasato on ollut runsas ja perushunajaa on j\u00e4lleen saatavilla. Voit tilata tuotteet verkkokaupan kautta. Alla n\u00e4et mit\u00e4 meill\u00e4 on tarjolla! T\u00e4ss\u00e4 n\u00e4et tuotteet mit\u00e4 saatavilla &nbsp; Ajankohtaista<\/p>\n","protected":false},"author":1,"featured_media":0,"parent":0,"menu_order":0,"comment_status":"closed","ping_status":"closed","template":"template-fullwidth.php","meta":{"footnotes":""},"class_list":["post-396","page","type-page","status-publish","hentry"],"_links":{"self":[{"href":"https:\/\/vaarakankaanhunaja.com\/shop\/wp-json\/wp\/v2\/pages\/396","targetHints":{"allow":["GET"]}}],"collection":[{"href":"https:\/\/vaarakankaanhunaja.com\/shop\/wp-json\/wp\/v2\/pages"}],"about":[{"href":"https:\/\/vaarakankaanhunaja.com\/shop\/wp-json\/wp\/v2\/types\/page"}],"author":[{"embeddable":true,"href":"https:\/\/vaarakankaanhunaja.com\/shop\/wp-json\/wp\/v2\/users\/1"}],"replies":[{"embeddable":true,"href":"https:\/\/vaarakankaanhunaja.com\/shop\/wp-json\/wp\/v2\/comments?post=396"}],"version-history":[{"count":19,"href":"https:\/\/vaarakankaanhunaja.com\/shop\/wp-json\/wp\/v2\/pages\/396\/revisions"}],"predecessor-version":[{"id":5701,"href":"https:\/\/vaarakankaanhunaja.com\/shop\/wp-json\/wp\/v2\/pages\/396\/revisions\/5701"}],"wp:attachment":[{"href":"https:\/\/vaarakankaanhunaja.com\/shop\/wp-json\/wp\/v2\/media?parent=396"}],"curies":[{"name":"wp","href":"https:\/\/api.w.org\/{rel}","templated":true}]}}