{"id":262,"date":"2017-08-09T17:49:45","date_gmt":"2017-08-09T14:49:45","guid":{"rendered":"https:\/\/vaarakankaanhunaja.com\/?page_id=188"},"modified":"2019-11-06T19:14:42","modified_gmt":"2019-11-06T17:14:42","slug":"yritys","status":"publish","type":"page","link":"https:\/\/vaarakankaanhunaja.com\/shop\/yritys\/","title":{"rendered":"Yritys"},"content":{"rendered":"<div class=\"soliloquy-viewport\">\n<p>Ylivieskalainen Kari V\u00e4\u00e4r\u00e4kangas perusti V\u00e4\u00e4r\u00e4kankaan Hunajan vuonna 1998. T\u00e4m\u00e4 mehil\u00e4isten hoitoharrastuksesta alkunsa saanut perheyritys on vuosien my\u00f6t\u00e4 kasvanut yhdeksi Suomen merkitt\u00e4vimmist\u00e4 hunajan valmistajista.<\/p>\n<p>V\u00e4\u00e4r\u00e4kankaan Hunajan tuotteita ovat juoksevat, pehme\u00e4t sek\u00e4 lohkeavat monikukkahunajat. Yksikukkaisissa hunajissa lajeina ovat mm. puolukka, kanerva, hilla, mustikka, tattari, horsma,korianteri,j\u00e4ttipalsami, vadelma ja voikukka. Lis\u00e4ksi valikoimaan kuuluvat makuhunajat mm. salmiakki, eucalyptus, rommi sek\u00e4 parikymment\u00e4 muuta eri makua. Hunajasinapit, inkiv\u00e4\u00e4ri-, ja chilihunajat, mehil\u00e4isvahakynttil\u00e4t, saunahunaja sek\u00e4 lahjapakkaukset kuuluvat my\u00f6s laajaan hunajavalikoimaan.<\/p>\n<p><span style=\"font-family: -apple-system, BlinkMacSystemFont, 'Segoe UI', Roboto, Oxygen-Sans, Ubuntu, Cantarell, 'Helvetica Neue', sans-serif;\">Korkealaatuisten tuotteiden raaka-aine, hunaja, tuotetaan Ylivieskan, Nivalan ja Haapaj\u00e4rven sek\u00e4 Ranuan ja Rovaniemen alueilla sijaitsevilla mehil\u00e4istarhoilla. Itse mehil\u00e4istila sijaitsee Ylivieskassa, Pohjois- Pohjanmaalla. Alueiden rikas ja puhdas luonto tarjoaa hyv\u00e4n mahdollisuuden tuottaa laadukasta hunajaa. T\u00e4st\u00e4 on osoituksena valinnat Suomen parhaaksi hunajaksi vuosina 2007, 2008, 2010, 2011 ja Suomen Paras Juokseva hunaja 2019, sek\u00e4 lukuisat korkeasta laadusta saadut kunniakirjat vuosittain.<\/span><\/p>\n<p><span style=\"font-family: -apple-system, BlinkMacSystemFont, 'Segoe UI', Roboto, Oxygen-Sans, Ubuntu, Cantarell, 'Helvetica Neue', sans-serif;\">Hunajatuotteiden v\u00e4hitt\u00e4ismyynnin l\u00f6yd\u00e4t S-Ryhm\u00e4n Marketeista, K-Marketeista sek\u00e4 Halpa-Halleista Ylivieskan, Nivalan, Kalajoen, Oulaisten ja Haapaj\u00e4rven kunnista sek\u00e4 Kokkolan keskustan K-SuperMarketista ja Oulun Prismoista. Lis\u00e4ksi hunajatuotteita saat Ylivieskasta Justus-myym\u00e4l\u00e4st\u00e4, Kalajoen Tapion Tuvalta sek\u00e4 kaikista J. K\u00e4rkk\u00e4isen Tavarataloista. L\u00f6yd\u00e4t meid\u00e4t lis\u00e4ksi Pohjois-Suomen markkina- sek\u00e4 toritapahtumista.<\/span><\/p>\n<\/div>\n","protected":false},"excerpt":{"rendered":"<p>Ylivieskalainen Kari V\u00e4\u00e4r\u00e4kangas perusti V\u00e4\u00e4r\u00e4kankaan Hunajan vuonna 1998. T\u00e4m\u00e4 mehil\u00e4isten hoitoharrastuksesta alkunsa saanut perheyritys on vuosien my\u00f6t\u00e4 kasvanut yhdeksi Suomen merkitt\u00e4vimmist\u00e4 hunajan valmistajista. V\u00e4\u00e4r\u00e4kankaan Hunajan tuotteita ovat juoksevat, pehme\u00e4t sek\u00e4 lohkeavat monikukkahunajat. Yksikukkaisissa hunajissa lajeina ovat mm. puolukka, kanerva, hilla, mustikka, tattari, horsma,korianteri,j\u00e4ttipalsami, vadelma ja voikukka. Lis\u00e4ksi valikoimaan kuuluvat makuhunajat mm. salmiakki, eucalyptus, rommi sek\u00e4 [&hellip;]<\/p>\n","protected":false},"author":2,"featured_media":0,"parent":0,"menu_order":0,"comment_status":"closed","ping_status":"closed","template":"","meta":{"footnotes":""},"class_list":["post-262","page","type-page","status-publish","hentry"],"_links":{"self":[{"href":"https:\/\/vaarakankaanhunaja.com\/shop\/wp-json\/wp\/v2\/pages\/262","targetHints":{"allow":["GET"]}}],"collection":[{"href":"https:\/\/vaarakankaanhunaja.com\/shop\/wp-json\/wp\/v2\/pages"}],"about":[{"href":"https:\/\/vaarakankaanhunaja.com\/shop\/wp-json\/wp\/v2\/types\/page"}],"author":[{"embeddable":true,"href":"https:\/\/vaarakankaanhunaja.com\/shop\/wp-json\/wp\/v2\/users\/2"}],"replies":[{"embeddable":true,"href":"https:\/\/vaarakankaanhunaja.com\/shop\/wp-json\/wp\/v2\/comments?post=262"}],"version-history":[{"count":5,"href":"https:\/\/vaarakankaanhunaja.com\/shop\/wp-json\/wp\/v2\/pages\/262\/revisions"}],"predecessor-version":[{"id":2085,"href":"https:\/\/vaarakankaanhunaja.com\/shop\/wp-json\/wp\/v2\/pages\/262\/revisions\/2085"}],"wp:attachment":[{"href":"https:\/\/vaarakankaanhunaja.com\/shop\/wp-json\/wp\/v2\/media?parent=262"}],"curies":[{"name":"wp","href":"https:\/\/api.w.org\/{rel}","templated":true}]}}