{"id":84,"date":"2018-02-10T21:34:41","date_gmt":"2018-02-10T19:34:41","guid":{"rendered":"https:\/\/vaarakankaanhunaja.com\/?post_type=product&#038;p=84"},"modified":"2023-10-02T09:05:37","modified_gmt":"2023-10-02T06:05:37","slug":"chili-hunajavalmiste","status":"publish","type":"product","link":"https:\/\/vaarakankaanhunaja.com\/shop\/de\/produkt\/chili-hunajavalmiste\/","title":{"rendered":"Chili hunajavalmiste"},"content":{"rendered":"<p><strong>Sis\u00e4lt\u00e4\u00e4:<br \/>\n<\/strong>Hunajaa<br \/>\nChili\u00e4<\/p>\n<p><strong>Tuottaja:<br \/>\n<\/strong>V\u00e4\u00e4r\u00e4kankaan Hunaja<br \/>\nSavontie 1027, Ylivieska Finland<br \/>\nPuh. 040 7277 053<br \/>\nwww.vaarakankaanhunaja.fi<\/p>\n<p>Alkuper\u00e4maa Suomi<\/p>\n<p>Vain yli 1-vuotiaille<\/p>\n<p>Ursprungsland Finland<\/p>\n<p>Bara for \u00f6ver 1-\u00e5ringar<\/p>","protected":false},"excerpt":{"rendered":"<p>V\u00e4\u00e4r\u00e4kankaan Hunaja on ker\u00e4tty suoraan puhtaasta suomalaisesta luonnosta Pohjois-Pohjanmaan lakeuksilta. Chili Hunaja on pakattu 140g lasipurkkiin. Chili Hunajaa on saatavilla mietona, tulisena sek\u00e4 paholaisen makuisena.<\/p>","protected":false},"featured_media":5515,"comment_status":"open","ping_status":"closed","template":"","meta":[],"product_brand":[],"product_cat":[24,33],"product_tag":[],"class_list":{"0":"post-84","1":"product","2":"type-product","3":"status-publish","4":"has-post-thumbnail","6":"product_cat-kaikki-tuotteet","7":"product_cat-maustehunajat","9":"first","10":"outofstock","11":"taxable","12":"shipping-taxable","13":"purchasable","14":"product-type-variable"},"_links":{"self":[{"href":"https:\/\/vaarakankaanhunaja.com\/shop\/de\/wp-json\/wp\/v2\/product\/84","targetHints":{"allow":["GET"]}}],"collection":[{"href":"https:\/\/vaarakankaanhunaja.com\/shop\/de\/wp-json\/wp\/v2\/product"}],"about":[{"href":"https:\/\/vaarakankaanhunaja.com\/shop\/de\/wp-json\/wp\/v2\/types\/product"}],"replies":[{"embeddable":true,"href":"https:\/\/vaarakankaanhunaja.com\/shop\/de\/wp-json\/wp\/v2\/comments?post=84"}],"wp:featuredmedia":[{"embeddable":true,"href":"https:\/\/vaarakankaanhunaja.com\/shop\/de\/wp-json\/wp\/v2\/media\/5515"}],"wp:attachment":[{"href":"https:\/\/vaarakankaanhunaja.com\/shop\/de\/wp-json\/wp\/v2\/media?parent=84"}],"wp:term":[{"taxonomy":"product_brand","embeddable":true,"href":"https:\/\/vaarakankaanhunaja.com\/shop\/de\/wp-json\/wp\/v2\/product_brand?post=84"},{"taxonomy":"product_cat","embeddable":true,"href":"https:\/\/vaarakankaanhunaja.com\/shop\/de\/wp-json\/wp\/v2\/product_cat?post=84"},{"taxonomy":"product_tag","embeddable":true,"href":"https:\/\/vaarakankaanhunaja.com\/shop\/de\/wp-json\/wp\/v2\/product_tag?post=84"}],"curies":[{"name":"wp","href":"https:\/\/api.w.org\/{rel}","templated":true}]}}