{"id":5598,"date":"2023-05-18T16:45:22","date_gmt":"2023-05-18T13:45:22","guid":{"rendered":"https:\/\/vaarakankaanhunaja.com\/shop\/?post_type=product&#038;p=5598"},"modified":"2023-10-02T09:03:19","modified_gmt":"2023-10-02T06:03:19","slug":"lahjapakkaus-hunajat-5x200g","status":"publish","type":"product","link":"https:\/\/vaarakankaanhunaja.com\/shop\/de\/produkt\/lahjapakkaus-hunajat-5x200g\/","title":{"rendered":"Lahjapakkaus hunajat 5 x 200g"},"content":{"rendered":"<p><strong>Sis\u00e4lt\u00e4\u00e4:<br \/>\n<\/strong>5 kpl laji tai makuhunajia lahjapakkauksessa<\/p>\n<p><strong><br \/>\n<\/strong>V\u00e4\u00e4r\u00e4kankaan Hunaja<br \/>\nSavontie 1027, Ylivieska Finland<br \/>\nPuh. 040 7277 053<br \/>\nwww.vaarakankaanhunaja.fi<\/p>\n<p>Alkuper\u00e4maa Suomi<\/p>\n<p>Vain yli 1-vuotiaille<\/p>\n<p>Ursprungsland Finland<\/p>\n<p>Bara for \u00f6ver 1-\u00e5ringar<\/p>","protected":false},"excerpt":{"rendered":"<p>Lahjapakkauksen sis\u00e4lt\u00f6 valittavissa seuraavista maku- sek\u00e4 lajihunajista:<\/p>\n<p><a href=\"https:\/\/vaarakankaanhunaja.com\/shop\/de\/produkt-kategorie\/makuhunajat\/\">Katso eri makuhunajat t\u00e4st\u00e4<\/a><\/p>\n<p><a href=\"https:\/\/vaarakankaanhunaja.com\/shop\/de\/produkt-kategorie\/lajihunajat\/\">Katso eri lajihunajat t\u00e4st\u00e4<\/a><\/p>\n<p>Kirjoita \u201dTilauksen kommentit\u201d riville haluamasi pakkauksen sis\u00e4lt\u00f6.<\/p>\n<p>&nbsp;<\/p>","protected":false},"featured_media":5591,"comment_status":"open","ping_status":"closed","template":"","meta":[],"product_brand":[],"product_cat":[24,32],"product_tag":[],"class_list":{"0":"post-5598","1":"product","2":"type-product","3":"status-publish","4":"has-post-thumbnail","6":"product_cat-kaikki-tuotteet","7":"product_cat-lahjapakkaukset","9":"first","10":"outofstock","11":"taxable","12":"shipping-taxable","13":"purchasable","14":"product-type-simple"},"_links":{"self":[{"href":"https:\/\/vaarakankaanhunaja.com\/shop\/de\/wp-json\/wp\/v2\/product\/5598","targetHints":{"allow":["GET"]}}],"collection":[{"href":"https:\/\/vaarakankaanhunaja.com\/shop\/de\/wp-json\/wp\/v2\/product"}],"about":[{"href":"https:\/\/vaarakankaanhunaja.com\/shop\/de\/wp-json\/wp\/v2\/types\/product"}],"replies":[{"embeddable":true,"href":"https:\/\/vaarakankaanhunaja.com\/shop\/de\/wp-json\/wp\/v2\/comments?post=5598"}],"wp:featuredmedia":[{"embeddable":true,"href":"https:\/\/vaarakankaanhunaja.com\/shop\/de\/wp-json\/wp\/v2\/media\/5591"}],"wp:attachment":[{"href":"https:\/\/vaarakankaanhunaja.com\/shop\/de\/wp-json\/wp\/v2\/media?parent=5598"}],"wp:term":[{"taxonomy":"product_brand","embeddable":true,"href":"https:\/\/vaarakankaanhunaja.com\/shop\/de\/wp-json\/wp\/v2\/product_brand?post=5598"},{"taxonomy":"product_cat","embeddable":true,"href":"https:\/\/vaarakankaanhunaja.com\/shop\/de\/wp-json\/wp\/v2\/product_cat?post=5598"},{"taxonomy":"product_tag","embeddable":true,"href":"https:\/\/vaarakankaanhunaja.com\/shop\/de\/wp-json\/wp\/v2\/product_tag?post=5598"}],"curies":[{"name":"wp","href":"https:\/\/api.w.org\/{rel}","templated":true}]}}