{"id":110,"date":"2018-02-11T11:29:57","date_gmt":"2018-02-11T09:29:57","guid":{"rendered":"https:\/\/vaarakankaanhunaja.com\/?post_type=product&#038;p=110"},"modified":"2025-09-02T12:13:58","modified_gmt":"2025-09-02T09:13:58","slug":"vaarakankaan-hunaja","status":"publish","type":"product","link":"https:\/\/vaarakankaanhunaja.com\/shop\/de\/produkt\/vaarakankaan-hunaja\/","title":{"rendered":"V\u00e4\u00e4r\u00e4kankaan Hunaja"},"content":{"rendered":"<p><strong>Sis\u00e4lt\u00e4\u00e4:<br \/>\n<\/strong>Suomalaista hunajaa<\/p>\n<p><strong>Tuottaja:<br \/>\n<\/strong>V\u00e4\u00e4r\u00e4kankaan Hunaja<br \/>\nSavontie 1027, Ylivieska Finland<br \/>\nPuh. 040 7277 053<br \/>\nwww.vaarakankaanhunaja.fi<\/p>\n<p><strong>Ravintosis\u00e4lt\u00f6 keskim\u00e4\u00e4rin\/100g:<\/strong><br \/>\nEnergiaa 1430kJ\/335kcal<br \/>\nHiilihydraatteja 82g<br \/>\nProteiinia 0,5g<br \/>\nRasvaa 0g<\/p>\n<p>Alkuper\u00e4maa Suomi<\/p>\n<p>Vain yli 1-vuotiaille<\/p>\n<p><strong>N\u00e4ringsinneh\u00e5ll i medeltal per 100g:<\/strong><br \/>\nEnergi 1430kJ\/335kcal<br \/>\nKolhydrater 82g<br \/>\nProtein 0,5g<br \/>\nFett 0g<\/p>\n<p>Ursprungsland Finland<\/p>\n<p>Bara for \u00f6ver 1-\u00e5ringar<\/p>","protected":false},"excerpt":{"rendered":"<p>V\u00e4\u00e4r\u00e4kankaan Hunaja on ker\u00e4tty suoraan puhtaasta suomalaisesta luonnosta Pohjois-Pohjanmaan lakeuksilta. Hunaja on pakattu 450g muovipurkkiin. Hunaja on saatavilla juoksevana, pehme\u00e4n\u00e4 ja lohkeavana.<\/p>\n<p>Hunajan k\u00e4ytt\u00f6tarkoituksia mm. lihan, kalan ja kasvisten marinointi, maustaminen sek\u00e4 leivontaan ja s\u00e4il\u00f6nt\u00e4\u00e4n. Hunaja sopii makeuttajaksi ja maun antajaksi mehuihin, gl\u00f6giin, teehen, kahviin ja drinkkeihin.<\/p>\n<p>S\u00e4ilyt\u00e4 hunaja huoneenl\u00e4mm\u00f6ss\u00e4.<\/p>\n<p>Ei alle 1-vuotiaille.<\/p>\n<p>Ainekset: suomalainen hunaja.<\/p>","protected":false},"featured_media":5602,"comment_status":"open","ping_status":"closed","template":"","meta":[],"product_brand":[],"product_cat":[24,18],"product_tag":[],"class_list":{"0":"post-110","1":"product","2":"type-product","3":"status-publish","4":"has-post-thumbnail","6":"product_cat-kaikki-tuotteet","7":"product_cat-monikukkahunajat","9":"first","10":"instock","11":"taxable","12":"shipping-taxable","13":"purchasable","14":"product-type-variable"},"_links":{"self":[{"href":"https:\/\/vaarakankaanhunaja.com\/shop\/de\/wp-json\/wp\/v2\/product\/110","targetHints":{"allow":["GET"]}}],"collection":[{"href":"https:\/\/vaarakankaanhunaja.com\/shop\/de\/wp-json\/wp\/v2\/product"}],"about":[{"href":"https:\/\/vaarakankaanhunaja.com\/shop\/de\/wp-json\/wp\/v2\/types\/product"}],"replies":[{"embeddable":true,"href":"https:\/\/vaarakankaanhunaja.com\/shop\/de\/wp-json\/wp\/v2\/comments?post=110"}],"wp:featuredmedia":[{"embeddable":true,"href":"https:\/\/vaarakankaanhunaja.com\/shop\/de\/wp-json\/wp\/v2\/media\/5602"}],"wp:attachment":[{"href":"https:\/\/vaarakankaanhunaja.com\/shop\/de\/wp-json\/wp\/v2\/media?parent=110"}],"wp:term":[{"taxonomy":"product_brand","embeddable":true,"href":"https:\/\/vaarakankaanhunaja.com\/shop\/de\/wp-json\/wp\/v2\/product_brand?post=110"},{"taxonomy":"product_cat","embeddable":true,"href":"https:\/\/vaarakankaanhunaja.com\/shop\/de\/wp-json\/wp\/v2\/product_cat?post=110"},{"taxonomy":"product_tag","embeddable":true,"href":"https:\/\/vaarakankaanhunaja.com\/shop\/de\/wp-json\/wp\/v2\/product_tag?post=110"}],"curies":[{"name":"wp","href":"https:\/\/api.w.org\/{rel}","templated":true}]}}