{"id":445,"date":"2018-02-17T13:51:41","date_gmt":"2018-02-17T11:51:41","guid":{"rendered":"https:\/\/vaarakankaanhunaja.com\/?page_id=445"},"modified":"2019-11-06T19:08:43","modified_gmt":"2019-11-06T17:08:43","slug":"auf-deutsch","status":"publish","type":"page","link":"https:\/\/vaarakankaanhunaja.com\/shop\/de\/auf-deutsch\/","title":{"rendered":"Auf Deutsch"},"content":{"rendered":"<p style=\"font-weight: 400;\">Der Honig von Imkermeister V\u00e4\u00e4r\u00e4kangas in Finnland wieder an<br \/>\nder 19. Brandenburgische Landwirtschaftsausstellung BraLa in Paaren im Glien 21.-24.5.2009<br \/>\nerh\u00e4ltlich.<\/p>\n<p style=\"font-weight: 400;\">Der lappischer Honig von V\u00e4\u00e4r\u00e4kangas ist der beste Honig Finnlands 2008<br \/>\nbei einer wahl.<\/p>\n<p style=\"font-weight: 400;\">Die Internetseiten werden bearbeitet und sind bereit im Laufe des Fr\u00fchlings&#8230;<br \/>\nAus dem im Jahre 1998 begonnenen Hobby der Bienenpflege ist das Familienunternehmen V\u00e4\u00e4r\u00e4kankaan Hunaja (V\u00e4\u00e4r\u00e4kanka-Honig) entstanden, dass im Laufe der Jahre zu einem bedeutenden Hersteller von Honig und veredelten Honigprodukten herangewachsen ist. V\u00e4\u00e4r\u00e4kankaan Hunaja wurde im Herbst 2007 f\u00fcr seine Qualit\u00e4tsprodukte mit dem Preis \u201eBester finnischer Honig 2007\u201c ausgezeichnet.<\/p>\n<p style=\"font-weight: 400;\">Der als Rohmateriual f\u00fcr die hochwertigen Produkte ben\u00f6tigte Honig wird lokal von Imkereien in den ostbottnischen Gemeinden Ylivieska, Oulainen ja Nivala bezogen. Die Produktionsanlagen befinden sich in im finnischen Ylivieska. Die wechselnde, vielseitige und reine Natur dieser Region bietet ausgezeichnete M\u00f6glichkeiten f\u00fcr die Herstellung hochwertigen Honigs, als Zeichen daf\u00fcr gerade die Wahl zum besten finnischen Honig des Jahres 2007.<\/p>\n<p style=\"font-weight: 400;\">Das Angebot umfasst sowohl fl\u00fcssige als auch streichfeste Honigsorten. Als artenreine Honigsorten werden Preiselbeer-, Erika-, K\u00fcmmel, Buchweizen-, Raps-, Steinklee- und L\u00f6wenzahnhonig angeboten. Daneben umfasst das Angebot auch aromatisierte Honige, Bienenwachskerzen und \u2013cremes sowie Geschenkpackungen, f\u00fcr die der Kunde nach eigener Wahl Honigprodukte aussuchen kann.<\/p>\n<p style=\"font-weight: 400;\">N\u00e4chstes Mal ist unser Honig erh\u00e4ltlich in Berlin vom 25.11.-22.12.2019<\/p>\n<p>\u00a0Prenzlauer Berg, Kulturbrauerei, Lucia Weichnachtmarkt<\/p>\n<p><a href=\"https:\/\/vaarakankaanhunaja.com\/wp-content\/uploads\/2018\/02\/mid_32111-336046-1.jpg\"><img loading=\"lazy\" decoding=\"async\" class=\"alignleft wp-image-449 size-thumbnail\" src=\"https:\/\/vaarakankaanhunaja.com\/wp-content\/uploads\/2018\/02\/mid_32111-336046-1-150x150.jpg\" alt=\"\" width=\"150\" height=\"150\" srcset=\"https:\/\/vaarakankaanhunaja.com\/shop\/wp-content\/uploads\/2018\/02\/mid_32111-336046-1-150x150.jpg 150w, https:\/\/vaarakankaanhunaja.com\/shop\/wp-content\/uploads\/2018\/02\/mid_32111-336046-1-100x100.jpg 100w\" sizes=\"auto, (max-width: 150px) 100vw, 150px\" \/><\/a> <a href=\"https:\/\/vaarakankaanhunaja.com\/wp-content\/uploads\/2018\/02\/mid_saksa_pieni.jpg\"><img loading=\"lazy\" decoding=\"async\" class=\"alignleft wp-image-452 size-thumbnail\" src=\"https:\/\/vaarakankaanhunaja.com\/wp-content\/uploads\/2018\/02\/mid_saksa_pieni-150x150.jpg\" alt=\"\" width=\"150\" height=\"150\" srcset=\"https:\/\/vaarakankaanhunaja.com\/shop\/wp-content\/uploads\/2018\/02\/mid_saksa_pieni-150x150.jpg 150w, https:\/\/vaarakankaanhunaja.com\/shop\/wp-content\/uploads\/2018\/02\/mid_saksa_pieni-100x100.jpg 100w, https:\/\/vaarakankaanhunaja.com\/shop\/wp-content\/uploads\/2018\/02\/mid_saksa_pieni-324x324.jpg 324w\" sizes=\"auto, (max-width: 150px) 100vw, 150px\" \/><\/a> <a href=\"https:\/\/vaarakankaanhunaja.com\/wp-content\/uploads\/2017\/09\/eb3ed2bbedd8aea4c349825ffba7b7c2_HannoverinMessut2006010.jpg\"><img loading=\"lazy\" decoding=\"async\" class=\"alignleft wp-image-280 size-thumbnail\" src=\"https:\/\/vaarakankaanhunaja.com\/wp-content\/uploads\/2017\/09\/eb3ed2bbedd8aea4c349825ffba7b7c2_HannoverinMessut2006010-150x150.jpg\" alt=\"\" width=\"150\" height=\"150\" srcset=\"https:\/\/vaarakankaanhunaja.com\/shop\/wp-content\/uploads\/2017\/09\/eb3ed2bbedd8aea4c349825ffba7b7c2_HannoverinMessut2006010-150x150.jpg 150w, https:\/\/vaarakankaanhunaja.com\/shop\/wp-content\/uploads\/2017\/09\/eb3ed2bbedd8aea4c349825ffba7b7c2_HannoverinMessut2006010-100x100.jpg 100w, https:\/\/vaarakankaanhunaja.com\/shop\/wp-content\/uploads\/2017\/09\/eb3ed2bbedd8aea4c349825ffba7b7c2_HannoverinMessut2006010-324x324.jpg 324w\" sizes=\"auto, (max-width: 150px) 100vw, 150px\" \/><\/a><\/p>","protected":false},"excerpt":{"rendered":"<p>Der Honig von Imkermeister V\u00e4\u00e4r\u00e4kangas in Finnland wieder an der 19. Brandenburgische Landwirtschaftsausstellung BraLa in Paaren im Glien 21.-24.5.2009 erh\u00e4ltlich. Der lappischer Honig von V\u00e4\u00e4r\u00e4kangas ist der beste Honig Finnlands 2008 bei einer wahl. Die Internetseiten werden bearbeitet und sind bereit im Laufe des Fr\u00fchlings&#8230; Aus dem im Jahre 1998 begonnenen Hobby der Bienenpflege ist [&hellip;]<\/p>\n","protected":false},"author":1,"featured_media":0,"parent":0,"menu_order":0,"comment_status":"closed","ping_status":"closed","template":"","meta":{"footnotes":""},"class_list":["post-445","page","type-page","status-publish","hentry"],"_links":{"self":[{"href":"https:\/\/vaarakankaanhunaja.com\/shop\/de\/wp-json\/wp\/v2\/pages\/445","targetHints":{"allow":["GET"]}}],"collection":[{"href":"https:\/\/vaarakankaanhunaja.com\/shop\/de\/wp-json\/wp\/v2\/pages"}],"about":[{"href":"https:\/\/vaarakankaanhunaja.com\/shop\/de\/wp-json\/wp\/v2\/types\/page"}],"author":[{"embeddable":true,"href":"https:\/\/vaarakankaanhunaja.com\/shop\/de\/wp-json\/wp\/v2\/users\/1"}],"replies":[{"embeddable":true,"href":"https:\/\/vaarakankaanhunaja.com\/shop\/de\/wp-json\/wp\/v2\/comments?post=445"}],"version-history":[{"count":6,"href":"https:\/\/vaarakankaanhunaja.com\/shop\/de\/wp-json\/wp\/v2\/pages\/445\/revisions"}],"predecessor-version":[{"id":2083,"href":"https:\/\/vaarakankaanhunaja.com\/shop\/de\/wp-json\/wp\/v2\/pages\/445\/revisions\/2083"}],"wp:attachment":[{"href":"https:\/\/vaarakankaanhunaja.com\/shop\/de\/wp-json\/wp\/v2\/media?parent=445"}],"curies":[{"name":"wp","href":"https:\/\/api.w.org\/{rel}","templated":true}]}}