{"id":327,"date":"2017-08-09T19:06:39","date_gmt":"2017-08-09T16:06:39","guid":{"rendered":"https:\/\/vaarakankaanhunaja.com\/?page_id=192"},"modified":"2018-02-20T17:42:16","modified_gmt":"2018-02-20T15:42:16","slug":"myynti","status":"publish","type":"page","link":"https:\/\/vaarakankaanhunaja.com\/shop\/de\/yritys\/myynti\/","title":{"rendered":"Verbraucher Vertrieb"},"content":{"rendered":"<p>Hunajatuotteitamme l\u00f6yd\u00e4t seuraavista paikoista<\/p>\n<ul>\n<li>V\u00e4\u00e4r\u00e4kankaan Hunajan-tilamyym\u00e4l\u00e4, Ylivieska<\/li>\n<li>S-Ryhm\u00e4n marketit,\u00a0Ylivieska, Nivala, Kalajoki, Oulainen ja Haapaj\u00e4rvi<\/li>\n<li>Prisma, Ylivieska, Oulu<\/li>\n<li>K-Marketit\u00a0Ylivieska, Nivala, Kalajoki ja Oulainen<\/li>\n<li>K-SuperMarket, Kokkola keskusta<\/li>\n<li>K-Citymarket, Ylivieska<\/li>\n<li>Halpa-Hallit\u00a0Ylivieska, Nivala, Kalajoki ja Oulainen<\/li>\n<li>Justus-myym\u00e4l\u00e4, Ylivieska<\/li>\n<li>Tapion Tupa, Kalajoki<\/li>\n<li>J. K\u00e4rkk\u00e4inen, Ylivieska, Oulu, Lahti<\/li>\n<\/ul>","protected":false},"excerpt":{"rendered":"<p>Hunajatuotteitamme l\u00f6yd\u00e4t seuraavista paikoista V\u00e4\u00e4r\u00e4kankaan Hunajan-tilamyym\u00e4l\u00e4, Ylivieska S-Ryhm\u00e4n marketit,\u00a0Ylivieska, Nivala, Kalajoki, Oulainen ja Haapaj\u00e4rvi Prisma, Ylivieska, Oulu K-Marketit\u00a0Ylivieska, Nivala, Kalajoki ja Oulainen K-SuperMarket, Kokkola keskusta K-Citymarket, Ylivieska Halpa-Hallit\u00a0Ylivieska, Nivala, Kalajoki ja Oulainen Justus-myym\u00e4l\u00e4, Ylivieska Tapion Tupa, Kalajoki J. K\u00e4rkk\u00e4inen, Ylivieska, Oulu, Lahti<\/p>","protected":false},"author":2,"featured_media":0,"parent":262,"menu_order":0,"comment_status":"closed","ping_status":"closed","template":"","meta":{"footnotes":""},"class_list":["post-327","page","type-page","status-publish","hentry"],"_links":{"self":[{"href":"https:\/\/vaarakankaanhunaja.com\/shop\/de\/wp-json\/wp\/v2\/pages\/327","targetHints":{"allow":["GET"]}}],"collection":[{"href":"https:\/\/vaarakankaanhunaja.com\/shop\/de\/wp-json\/wp\/v2\/pages"}],"about":[{"href":"https:\/\/vaarakankaanhunaja.com\/shop\/de\/wp-json\/wp\/v2\/types\/page"}],"author":[{"embeddable":true,"href":"https:\/\/vaarakankaanhunaja.com\/shop\/de\/wp-json\/wp\/v2\/users\/2"}],"replies":[{"embeddable":true,"href":"https:\/\/vaarakankaanhunaja.com\/shop\/de\/wp-json\/wp\/v2\/comments?post=327"}],"version-history":[{"count":4,"href":"https:\/\/vaarakankaanhunaja.com\/shop\/de\/wp-json\/wp\/v2\/pages\/327\/revisions"}],"predecessor-version":[{"id":479,"href":"https:\/\/vaarakankaanhunaja.com\/shop\/de\/wp-json\/wp\/v2\/pages\/327\/revisions\/479"}],"up":[{"embeddable":true,"href":"https:\/\/vaarakankaanhunaja.com\/shop\/de\/wp-json\/wp\/v2\/pages\/262"}],"wp:attachment":[{"href":"https:\/\/vaarakankaanhunaja.com\/shop\/de\/wp-json\/wp\/v2\/media?parent=327"}],"curies":[{"name":"wp","href":"https:\/\/api.w.org\/{rel}","templated":true}]}}