{"id":286,"date":"2017-09-04T14:09:29","date_gmt":"2017-09-04T11:09:29","guid":{"rendered":"https:\/\/vaarakankaanhunaja.com\/?page_id=286"},"modified":"2023-06-05T09:29:07","modified_gmt":"2023-06-05T06:29:07","slug":"jalleenmyynti","status":"publish","type":"page","link":"https:\/\/vaarakankaanhunaja.com\/shop\/de\/yritys\/jalleenmyynti\/","title":{"rendered":"Weiterverkauf"},"content":{"rendered":"<p>Mik\u00e4li haluat tuotteiden j\u00e4lleenmyyj\u00e4ksi tiedustele tukkuhintojamme ja j\u00e4lleenmyyntisopimusta s\u00e4hk\u00f6postitse <a href=\"mailto:info@vaarakankaanhunaja.com\">info@vaarakankaanhunaja.com<\/a> tai puhelimella +358 40 7277053.<\/p>","protected":false},"excerpt":{"rendered":"<p>Mik\u00e4li haluat tuotteiden j\u00e4lleenmyyj\u00e4ksi tiedustele tukkuhintojamme ja j\u00e4lleenmyyntisopimusta s\u00e4hk\u00f6postitse info@vaarakankaanhunaja.com tai puhelimella +358 40 7277053.<\/p>","protected":false},"author":2,"featured_media":0,"parent":262,"menu_order":4,"comment_status":"closed","ping_status":"closed","template":"","meta":{"footnotes":""},"class_list":["post-286","page","type-page","status-publish","hentry"],"_links":{"self":[{"href":"https:\/\/vaarakankaanhunaja.com\/shop\/de\/wp-json\/wp\/v2\/pages\/286","targetHints":{"allow":["GET"]}}],"collection":[{"href":"https:\/\/vaarakankaanhunaja.com\/shop\/de\/wp-json\/wp\/v2\/pages"}],"about":[{"href":"https:\/\/vaarakankaanhunaja.com\/shop\/de\/wp-json\/wp\/v2\/types\/page"}],"author":[{"embeddable":true,"href":"https:\/\/vaarakankaanhunaja.com\/shop\/de\/wp-json\/wp\/v2\/users\/2"}],"replies":[{"embeddable":true,"href":"https:\/\/vaarakankaanhunaja.com\/shop\/de\/wp-json\/wp\/v2\/comments?post=286"}],"version-history":[{"count":6,"href":"https:\/\/vaarakankaanhunaja.com\/shop\/de\/wp-json\/wp\/v2\/pages\/286\/revisions"}],"predecessor-version":[{"id":5614,"href":"https:\/\/vaarakankaanhunaja.com\/shop\/de\/wp-json\/wp\/v2\/pages\/286\/revisions\/5614"}],"up":[{"embeddable":true,"href":"https:\/\/vaarakankaanhunaja.com\/shop\/de\/wp-json\/wp\/v2\/pages\/262"}],"wp:attachment":[{"href":"https:\/\/vaarakankaanhunaja.com\/shop\/de\/wp-json\/wp\/v2\/media?parent=286"}],"curies":[{"name":"wp","href":"https:\/\/api.w.org\/{rel}","templated":true}]}}