{"id":208,"date":"2017-08-10T09:48:42","date_gmt":"2017-08-10T06:48:42","guid":{"rendered":"https:\/\/vaarakankaanhunaja.com\/?page_id=208"},"modified":"2018-02-20T18:03:33","modified_gmt":"2018-02-20T16:03:33","slug":"tuotantoalueet","status":"publish","type":"page","link":"https:\/\/vaarakankaanhunaja.com\/shop\/de\/yritys\/tuotantoalueet\/","title":{"rendered":"Tuotantoalueet"},"content":{"rendered":"<p>Korkealaatuisten tuotteiden raaka-aine, hunaja, tuotetaan Ylivieskan, Nivalan ja Haapaj\u00e4rven sek\u00e4 Ranuan ja Rovaniemen alueilla sijaitsevilla mehil\u00e4istarhoilla.<\/p>\n<p>Itse mehil\u00e4istila sijaitsee Ylivieskassa, Pohjois- Pohjanmaalla. Alueiden rikas ja puhdas luonto tarjoaa hyv\u00e4n mahdollisuuden tuottaa laadukasta hunajaa. T\u00e4st\u00e4 on osoituksena valinnat Suomen parhaaksi hunajajaksi vuosina 2007, 2008, 2010, 2011 sek\u00e4 lukuisat korkeasta laadusta saadut kunniakirjat vuosittain.<\/p>","protected":false},"excerpt":{"rendered":"<p>Korkealaatuisten tuotteiden raaka-aine, hunaja, tuotetaan Ylivieskan, Nivalan ja Haapaj\u00e4rven sek\u00e4 Ranuan ja Rovaniemen alueilla sijaitsevilla mehil\u00e4istarhoilla. Itse mehil\u00e4istila sijaitsee Ylivieskassa, Pohjois- Pohjanmaalla. Alueiden rikas ja puhdas luonto tarjoaa hyv\u00e4n mahdollisuuden tuottaa laadukasta hunajaa. T\u00e4st\u00e4 on osoituksena valinnat Suomen parhaaksi hunajajaksi vuosina 2007, 2008, 2010, 2011 sek\u00e4 lukuisat korkeasta laadusta saadut kunniakirjat vuosittain.<\/p>","protected":false},"author":2,"featured_media":0,"parent":262,"menu_order":3,"comment_status":"closed","ping_status":"closed","template":"","meta":{"footnotes":""},"class_list":["post-208","page","type-page","status-publish","hentry"],"_links":{"self":[{"href":"https:\/\/vaarakankaanhunaja.com\/shop\/de\/wp-json\/wp\/v2\/pages\/208","targetHints":{"allow":["GET"]}}],"collection":[{"href":"https:\/\/vaarakankaanhunaja.com\/shop\/de\/wp-json\/wp\/v2\/pages"}],"about":[{"href":"https:\/\/vaarakankaanhunaja.com\/shop\/de\/wp-json\/wp\/v2\/types\/page"}],"author":[{"embeddable":true,"href":"https:\/\/vaarakankaanhunaja.com\/shop\/de\/wp-json\/wp\/v2\/users\/2"}],"replies":[{"embeddable":true,"href":"https:\/\/vaarakankaanhunaja.com\/shop\/de\/wp-json\/wp\/v2\/comments?post=208"}],"version-history":[{"count":4,"href":"https:\/\/vaarakankaanhunaja.com\/shop\/de\/wp-json\/wp\/v2\/pages\/208\/revisions"}],"predecessor-version":[{"id":492,"href":"https:\/\/vaarakankaanhunaja.com\/shop\/de\/wp-json\/wp\/v2\/pages\/208\/revisions\/492"}],"up":[{"embeddable":true,"href":"https:\/\/vaarakankaanhunaja.com\/shop\/de\/wp-json\/wp\/v2\/pages\/262"}],"wp:attachment":[{"href":"https:\/\/vaarakankaanhunaja.com\/shop\/de\/wp-json\/wp\/v2\/media?parent=208"}],"curies":[{"name":"wp","href":"https:\/\/api.w.org\/{rel}","templated":true}]}}